{"id":1608,"date":"2026-01-30T15:39:06","date_gmt":"2026-01-30T12:39:06","guid":{"rendered":"https:\/\/ahmetoglugida.com\/?post_type=product&#038;p=1608"},"modified":"2026-02-03T14:44:30","modified_gmt":"2026-02-03T11:44:30","slug":"koz-patlican-salatasi-580cc","status":"publish","type":"product","link":"https:\/\/ahmetoglugida.com\/en\/product\/koz-patlican-salatasi-580cc\/","title":{"rendered":"K\u00f6zlenmi\u015f Patl\u0131can Salatas\u0131 (580cc)"},"content":{"rendered":"","protected":false},"excerpt":{"rendered":"<ul>\n<li><strong><strong>EN Ingredients: <\/strong><\/strong>Roasted Aubergine, Red Pepper, Salt, Sugar, Citric Acid, Ascorbic Acid<\/li>\n<li><strong>Net Weight:<\/strong> 520 gr<\/li>\n<\/ul>","protected":false},"featured_media":1676,"template":"","meta":[],"product_brand":[],"product_cat":[30],"product_tag":[],"class_list":{"0":"post-1608","1":"product","2":"type-product","3":"status-publish","4":"has-post-thumbnail","6":"product_cat-retail","8":"first","9":"instock","10":"shipping-taxable","11":"product-type-simple"},"_links":{"self":[{"href":"https:\/\/ahmetoglugida.com\/en\/wp-json\/wp\/v2\/product\/1608","targetHints":{"allow":["GET"]}}],"collection":[{"href":"https:\/\/ahmetoglugida.com\/en\/wp-json\/wp\/v2\/product"}],"about":[{"href":"https:\/\/ahmetoglugida.com\/en\/wp-json\/wp\/v2\/types\/product"}],"wp:featuredmedia":[{"embeddable":true,"href":"https:\/\/ahmetoglugida.com\/en\/wp-json\/wp\/v2\/media\/1676"}],"wp:attachment":[{"href":"https:\/\/ahmetoglugida.com\/en\/wp-json\/wp\/v2\/media?parent=1608"}],"wp:term":[{"taxonomy":"product_brand","embeddable":true,"href":"https:\/\/ahmetoglugida.com\/en\/wp-json\/wp\/v2\/product_brand?post=1608"},{"taxonomy":"product_cat","embeddable":true,"href":"https:\/\/ahmetoglugida.com\/en\/wp-json\/wp\/v2\/product_cat?post=1608"},{"taxonomy":"product_tag","embeddable":true,"href":"https:\/\/ahmetoglugida.com\/en\/wp-json\/wp\/v2\/product_tag?post=1608"}],"curies":[{"name":"wp","href":"https:\/\/api.w.org\/{rel}","templated":true}]}}